{"id":1306,"date":"2021-03-04T10:51:21","date_gmt":"2021-03-04T09:51:21","guid":{"rendered":"https:\/\/DKdent.info\/?page_id=1306"},"modified":"2021-08-12T15:11:48","modified_gmt":"2021-08-12T14:11:48","slug":"impressum","status":"publish","type":"page","link":"https:\/\/DKdent.info\/?page_id=1306","title":{"rendered":"Impressum"},"content":{"rendered":"<p><div class=\"fusion-fullwidth fullwidth-box fusion-builder-row-1 fusion-flex-container nonhundred-percent-fullwidth hundred-percent-height hundred-percent-height-center-content non-hundred-percent-height-scrolling\" style=\"background-color: rgba(255,255,255,0);background-image:linear-gradient(90deg, #c4b9ca 0%,#e9eaee 100%);background-position: center center;background-repeat: no-repeat;border-width: 0px 0px 0px 0px;border-color:#eae9e9;border-style:solid;\" ><div class=\"fusion-builder-row fusion-row fusion-flex-align-items-flex-start\" style=\"max-width:calc( 1170px + 0px );margin-left: calc(-0px \/ 2 );margin-right: calc(-0px \/ 2 );\"><div class=\"fusion-layout-column fusion_builder_column fusion-builder-column-0 fusion_builder_column_1_1 1_1 fusion-flex-column\"><div class=\"fusion-column-wrapper fusion-flex-justify-content-flex-start fusion-content-layout-column\" style=\"background-position:left top;background-repeat:no-repeat;-webkit-background-size:cover;-moz-background-size:cover;-o-background-size:cover;background-size:cover;padding: 0px 0px 0px 0px;\"><style type=\"text\/css\">@media only screen and (max-width:1024px) {.fusion-title.fusion-title-1{margin-top:0px!important; margin-right:0px!important;margin-bottom:0px!important;margin-left:0px!important;}}@media only screen and (max-width:640px) {.fusion-title.fusion-title-1{margin-top:0px!important; margin-right:0px!important;margin-bottom:20px!important; margin-left:0px!important;}}<\/style><div class=\"fusion-title title fusion-title-1 fusion-sep-none fusion-title-text fusion-title-size-one\" style=\"margin-top:0px;margin-right:0px;margin-bottom:0px;margin-left:0px;\"><h1 class=\"title-heading-left fusion-responsive-typography-calculated\" style=\"margin:0;color:#ff0000;--fontSize:80;line-height:1;\"><h1 class=\"title-heading-center\" style=\"margin: 0px; font-family: 'Source Sans Pro', Arial, Helvetica, sans-serif; font-weight: var(--h1_typography-font-weight); line-height: var(--h1_typography-line-height); letter-spacing: normal; font-style: normal; font-size: var(--h1_typography-font-size); color: #ffffff; cursor: not-allowed; text-align: left;\">Impressum<\/h1><\/h1><\/div><div class=\"fusion-text fusion-text-1\" style=\"font-size:26px;color:#ffffff;\"><p style=\"text-align: left;\">Rechtliche Hinweise und Wissenswertes zu unserer Website.<\/p>\n<\/div><a class=\"fb-icon-element-1 fb-icon-element fontawesome-icon fa-angle-down fas circle-no fusion-animated fusion-link\" style=\"font-size:80px;margin: 0px;\" data-animationType=\"bounceInUp\" data-animationDuration=\"1.0\" data-animationOffset=\"top-into-view\" href=\"#impressum\" aria-label=\"Link to #impressum\" target=\"_self\"><\/a><style>a.fb-icon-element.fontawesome-icon.fb-icon-element-1{ color: #ffffff;}a.fb-icon-element.fontawesome-icon.fb-icon-element-1:hover { color: #ffffff;}a.fb-icon-element.fontawesome-icon.fb-icon-element-1{ align-self:center;}<\/style><\/div><style type=\"text\/css\">.fusion-body .fusion-builder-column-0{width:100% !important;margin-top : 0px;margin-bottom : 30px;}.fusion-builder-column-0 > .fusion-column-wrapper {padding-top : 0px !important;padding-right : 0px !important;margin-right : 0px;padding-bottom : 0px !important;padding-left : 0px !important;margin-left : 0px;}@media only screen and (max-width:1024px) {.fusion-body .fusion-builder-column-0{width:100% !important;}.fusion-builder-column-0 > .fusion-column-wrapper {margin-right : 0px;margin-left : 0px;}}@media only screen and (max-width:640px) {.fusion-body .fusion-builder-column-0{width:100% !important;}.fusion-builder-column-0 > .fusion-column-wrapper {margin-right : 0px;margin-left : 0px;}}<\/style><\/div><\/div><style type=\"text\/css\">.fusion-body .fusion-flex-container.fusion-builder-row-1{ padding-top : 10%;margin-top : 0px;padding-right : 5%;padding-bottom : 10%;margin-bottom : 0px;padding-left : 5%;}<\/style><\/div><div class=\"fusion-fullwidth fullwidth-box fusion-builder-row-2 fusion-flex-container nonhundred-percent-fullwidth non-hundred-percent-height-scrolling\" style=\"background-color: rgba(255,255,255,0);background-position: center center;background-repeat: no-repeat;border-width: 0px 0px 0px 0px;border-color:#eae9e9;border-style:solid;\" ><div class=\"fusion-builder-row fusion-row fusion-flex-align-items-flex-start\" style=\"max-width:1216.8px;margin-left: calc(-4% \/ 2 );margin-right: calc(-4% \/ 2 );\"><div class=\"fusion-layout-column fusion_builder_column fusion-builder-column-1 fusion_builder_column_1_1 1_1 fusion-flex-column\"><div class=\"fusion-column-wrapper fusion-flex-justify-content-flex-start fusion-content-layout-column\" style=\"background-position:left top;background-repeat:no-repeat;-webkit-background-size:cover;-moz-background-size:cover;-o-background-size:cover;background-size:cover;padding: 0px 0px 0px 0px;\"><div class=\"fusion-text fusion-text-2\" id=\"impressum\"><h4><\/h4>\n<h4>Zahnarztpraxis Studstrup &amp; Partner<\/h4>\n<p>Dr. med. dent. Jens Ole Studstrup<br \/>\nJens Peter Studstrup<\/p>\n<h4>Berufsbezeichnung<\/h4>\n<p>Die Berufsbezeichnung, Zahnarzt, wurde in Deutschland erworben.<\/p>\n<h4>Praxisanschrift<\/h4>\n<p>Zahnarztpraxis Studstrup &amp; Partner<br \/>\nAlfred-Faust-Stra\u00dfe 3<br \/>\n28277 Bremen<br \/>\nTelefon: 0421 \/ 82 62 63<br \/>\nTelefax: 0421 \/ 8 49 88 64<\/p>\n<h4>Inhaltlich verantwortlich<\/h4>\n<p>Dr. med. dent. Jens Ole Studstrup<br \/>\nJens Peter Studstrup<\/p>\n<p>Betreiber und Verantwortlich f\u00fcr den redaktionellen Inhalt im Sinne des Mediendienstestaatsvertrages sind die oben genannte Praxisinhaber.<\/p>\n<h4>Eintrag im Partnerschaftsregister<\/h4>\n<p>Die Berufsaus\u00fcbungsgemeinschaft -Jens Peter Studstrup Jens Ole Studstrup Zahn\u00e4rzte Partnerschaft- ist im Partnerschaftsregister unter der Nummer PR459 der Hansestadt Bremen eingetragen.<\/p>\n<h4>Rechtsform<\/h4>\n<p>Partnerschaftsgesellschaft<\/p>\n<h4>Angaben gem\u00e4\u00df Teledienstgesetz<\/h4>\n<p>Die berufsrechtlichen Grundlagen bilden<br \/>\n\u2022 Die Geb\u00fchrenordnung f\u00fcr Zahn\u00e4rzte<br \/>\n\u2022 Das Zahnheilkundegesetz<br \/>\n\u2022 Das Heilberufsgesetz<br \/>\n\u2022 Die Berufsordnung f\u00fcr Zahn\u00e4rzte<br \/>\n\u2022 Weitere Angaben finden sie im SGB V in den Paragrafen \u00a7 77 &#8211; 81<br \/>\nMitglied der Zahn\u00e4rztekammer Bremen, Universit\u00e4tsallee 25, 28359 Bremen<\/p>\n<h4>Zust\u00e4ndige Aufsichtsbeh\u00f6rde<\/h4>\n<p>Kassenzahn\u00e4rztliche Vereinigung im Lande Bremen<br \/>\nK\u00f6rperschaft des \u00f6ffentlichen Rechts<br \/>\nUniversit\u00e4tsallee 25<br \/>\n28359 Bremen<br \/>\nwww.kzv-bremen.de<\/p>\n<h4>Zust\u00e4ndige Kammer<\/h4>\n<p>Zahn\u00e4rztekammer Bremen<br \/>\nUniversit\u00e4tsallee 25<br \/>\n28359 Bremen<br \/>\nwww.zaek-hb.de<\/p>\n<p>Es gilt die Berufsordnung der Zahn\u00e4rztekammer Bremen<\/p>\n<h4>Disclaimer<\/h4>\n<p>Trotz sorgf\u00e4ltiger inhaltlicher Kontrolle \u00fcbernehmen wir keine Haftung f\u00fcr die Inhalte.<br \/>\nF\u00fcr den Inhalt der verlinkten Seiten (externe Links) sind ausschlie\u00dflich deren Betreiber verantwortlich.<\/p>\n<\/div><\/div><style type=\"text\/css\">.fusion-body .fusion-builder-column-1{width:100% !important;margin-top : 0px;margin-bottom : 30px;}.fusion-builder-column-1 > .fusion-column-wrapper {padding-top : 0px !important;padding-right : 0px !important;margin-right : 1.92%;padding-bottom : 0px !important;padding-left : 0px !important;margin-left : 1.92%;}@media only screen and (max-width:1024px) {.fusion-body .fusion-builder-column-1{width:100% !important;order : 0;}.fusion-builder-column-1 > .fusion-column-wrapper {margin-right : 1.92%;margin-left : 1.92%;}}@media only screen and (max-width:640px) {.fusion-body .fusion-builder-column-1{width:100% !important;order : 0;}.fusion-builder-column-1 > .fusion-column-wrapper {margin-right : 1.92%;margin-left : 1.92%;}}<\/style><\/div><\/div><style type=\"text\/css\">.fusion-body .fusion-flex-container.fusion-builder-row-2{ padding-top : 0px;margin-top : 0px;padding-right : 0px;padding-bottom : 0px;margin-bottom : 0px;padding-left : 0px;}<\/style><\/div><\/p>\n","protected":false},"excerpt":{"rendered":"","protected":false},"author":2,"featured_media":0,"parent":0,"menu_order":0,"comment_status":"closed","ping_status":"closed","template":"100-width.php","meta":{"footnotes":""},"yoast_head":"<!-- This site is optimized with the Yoast SEO plugin v20.0 - https:\/\/yoast.com\/wordpress\/plugins\/seo\/ -->\n<title>Impressum - Zahnarztpraxis Studstrup<\/title>\n<meta name=\"robots\" content=\"index, follow, max-snippet:-1, max-image-preview:large, max-video-preview:-1\" \/>\n<link rel=\"canonical\" href=\"https:\/\/DKdent.info\/?page_id=1306\" \/>\n<meta property=\"og:locale\" content=\"de_DE\" \/>\n<meta property=\"og:type\" content=\"article\" \/>\n<meta property=\"og:title\" content=\"Impressum - Zahnarztpraxis Studstrup\" \/>\n<meta property=\"og:url\" content=\"https:\/\/DKdent.info\/?page_id=1306\" \/>\n<meta property=\"og:site_name\" content=\"Zahnarztpraxis Studstrup\" \/>\n<meta property=\"article:modified_time\" content=\"2021-08-12T14:11:48+00:00\" \/>\n<meta name=\"twitter:card\" content=\"summary_large_image\" \/>\n<meta name=\"twitter:label1\" content=\"Gesch\u00e4tzte Lesezeit\" \/>\n\t<meta name=\"twitter:data1\" content=\"3 Minuten\" \/>\n<script type=\"application\/ld+json\" class=\"yoast-schema-graph\">{\"@context\":\"https:\/\/schema.org\",\"@graph\":[{\"@type\":\"WebPage\",\"@id\":\"https:\/\/DKdent.info\/?page_id=1306\",\"url\":\"https:\/\/DKdent.info\/?page_id=1306\",\"name\":\"Impressum - Zahnarztpraxis Studstrup\",\"isPartOf\":{\"@id\":\"https:\/\/DKdent.info\/#website\"},\"datePublished\":\"2021-03-04T09:51:21+00:00\",\"dateModified\":\"2021-08-12T14:11:48+00:00\",\"breadcrumb\":{\"@id\":\"https:\/\/DKdent.info\/?page_id=1306#breadcrumb\"},\"inLanguage\":\"de-DE\",\"potentialAction\":[{\"@type\":\"ReadAction\",\"target\":[\"https:\/\/DKdent.info\/?page_id=1306\"]}]},{\"@type\":\"BreadcrumbList\",\"@id\":\"https:\/\/DKdent.info\/?page_id=1306#breadcrumb\",\"itemListElement\":[{\"@type\":\"ListItem\",\"position\":1,\"name\":\"Startseite\",\"item\":\"https:\/\/DKdent.info\/\"},{\"@type\":\"ListItem\",\"position\":2,\"name\":\"Impressum\"}]},{\"@type\":\"WebSite\",\"@id\":\"https:\/\/DKdent.info\/#website\",\"url\":\"https:\/\/DKdent.info\/\",\"name\":\"Zahnarztpraxis Studstrup\",\"description\":\"\",\"publisher\":{\"@id\":\"https:\/\/DKdent.info\/#organization\"},\"potentialAction\":[{\"@type\":\"SearchAction\",\"target\":{\"@type\":\"EntryPoint\",\"urlTemplate\":\"https:\/\/DKdent.info\/?s={search_term_string}\"},\"query-input\":\"required name=search_term_string\"}],\"inLanguage\":\"de-DE\"},{\"@type\":\"Organization\",\"@id\":\"https:\/\/DKdent.info\/#organization\",\"name\":\"Zahnarztpraxis Studstrup & Partner\",\"url\":\"https:\/\/DKdent.info\/\",\"logo\":{\"@type\":\"ImageObject\",\"inLanguage\":\"de-DE\",\"@id\":\"https:\/\/DKdent.info\/#\/schema\/logo\/image\/\",\"url\":\"https:\/\/DKdent.info\/wp-content\/uploads\/2021\/02\/Logo_studstrup.png\",\"contentUrl\":\"https:\/\/DKdent.info\/wp-content\/uploads\/2021\/02\/Logo_studstrup.png\",\"width\":2180,\"height\":1404,\"caption\":\"Zahnarztpraxis Studstrup & Partner\"},\"image\":{\"@id\":\"https:\/\/DKdent.info\/#\/schema\/logo\/image\/\"}}]}<\/script>\n<!-- \/ Yoast SEO plugin. -->","yoast_head_json":{"title":"Impressum - Zahnarztpraxis Studstrup","robots":{"index":"index","follow":"follow","max-snippet":"max-snippet:-1","max-image-preview":"max-image-preview:large","max-video-preview":"max-video-preview:-1"},"canonical":"https:\/\/DKdent.info\/?page_id=1306","og_locale":"de_DE","og_type":"article","og_title":"Impressum - Zahnarztpraxis Studstrup","og_url":"https:\/\/DKdent.info\/?page_id=1306","og_site_name":"Zahnarztpraxis Studstrup","article_modified_time":"2021-08-12T14:11:48+00:00","twitter_card":"summary_large_image","twitter_misc":{"Gesch\u00e4tzte Lesezeit":"3 Minuten"},"schema":{"@context":"https:\/\/schema.org","@graph":[{"@type":"WebPage","@id":"https:\/\/DKdent.info\/?page_id=1306","url":"https:\/\/DKdent.info\/?page_id=1306","name":"Impressum - Zahnarztpraxis Studstrup","isPartOf":{"@id":"https:\/\/DKdent.info\/#website"},"datePublished":"2021-03-04T09:51:21+00:00","dateModified":"2021-08-12T14:11:48+00:00","breadcrumb":{"@id":"https:\/\/DKdent.info\/?page_id=1306#breadcrumb"},"inLanguage":"de-DE","potentialAction":[{"@type":"ReadAction","target":["https:\/\/DKdent.info\/?page_id=1306"]}]},{"@type":"BreadcrumbList","@id":"https:\/\/DKdent.info\/?page_id=1306#breadcrumb","itemListElement":[{"@type":"ListItem","position":1,"name":"Startseite","item":"https:\/\/DKdent.info\/"},{"@type":"ListItem","position":2,"name":"Impressum"}]},{"@type":"WebSite","@id":"https:\/\/DKdent.info\/#website","url":"https:\/\/DKdent.info\/","name":"Zahnarztpraxis Studstrup","description":"","publisher":{"@id":"https:\/\/DKdent.info\/#organization"},"potentialAction":[{"@type":"SearchAction","target":{"@type":"EntryPoint","urlTemplate":"https:\/\/DKdent.info\/?s={search_term_string}"},"query-input":"required name=search_term_string"}],"inLanguage":"de-DE"},{"@type":"Organization","@id":"https:\/\/DKdent.info\/#organization","name":"Zahnarztpraxis Studstrup & Partner","url":"https:\/\/DKdent.info\/","logo":{"@type":"ImageObject","inLanguage":"de-DE","@id":"https:\/\/DKdent.info\/#\/schema\/logo\/image\/","url":"https:\/\/DKdent.info\/wp-content\/uploads\/2021\/02\/Logo_studstrup.png","contentUrl":"https:\/\/DKdent.info\/wp-content\/uploads\/2021\/02\/Logo_studstrup.png","width":2180,"height":1404,"caption":"Zahnarztpraxis Studstrup & Partner"},"image":{"@id":"https:\/\/DKdent.info\/#\/schema\/logo\/image\/"}}]}},"_links":{"self":[{"href":"https:\/\/DKdent.info\/index.php?rest_route=\/wp\/v2\/pages\/1306"}],"collection":[{"href":"https:\/\/DKdent.info\/index.php?rest_route=\/wp\/v2\/pages"}],"about":[{"href":"https:\/\/DKdent.info\/index.php?rest_route=\/wp\/v2\/types\/page"}],"author":[{"embeddable":true,"href":"https:\/\/DKdent.info\/index.php?rest_route=\/wp\/v2\/users\/2"}],"replies":[{"embeddable":true,"href":"https:\/\/DKdent.info\/index.php?rest_route=%2Fwp%2Fv2%2Fcomments&post=1306"}],"version-history":[{"count":28,"href":"https:\/\/DKdent.info\/index.php?rest_route=\/wp\/v2\/pages\/1306\/revisions"}],"predecessor-version":[{"id":1654,"href":"https:\/\/DKdent.info\/index.php?rest_route=\/wp\/v2\/pages\/1306\/revisions\/1654"}],"wp:attachment":[{"href":"https:\/\/DKdent.info\/index.php?rest_route=%2Fwp%2Fv2%2Fmedia&parent=1306"}],"curies":[{"name":"wp","href":"https:\/\/api.w.org\/{rel}","templated":true}]}}